{"id":271,"date":"2021-02-03T07:56:19","date_gmt":"2021-02-02T23:56:19","guid":{"rendered":"http:\/\/pioneeredu.com.hk\/?page_id=271"},"modified":"2021-02-26T22:20:41","modified_gmt":"2021-02-26T14:20:41","slug":"%e6%af%94%e5%88%a9%e6%99%82%e7%83%88%e6%97%a5%e5%a4%a7%e5%ad%b8","status":"publish","type":"page","link":"https:\/\/pioneeredu.com.hk\/en\/%e9%81%99%e8%b7%9d%e8%aa%b2%e7%a8%8b\/%e6%af%94%e5%88%a9%e6%99%82%e7%83%88%e6%97%a5%e5%a4%a7%e5%ad%b8\/","title":{"rendered":"\u6bd4\u5229\u6642\u70c8\u65e5\u5927\u5b78University of Li\u00e8ge"},"content":{"rendered":"<h2 class=\"wp-block-heading\">University Introduction<\/h2>\n\n\n\n<p>The University of Li\u00e8ge (ULi\u00e8ge), in Li\u00e8ge, Wallonia, Belgium, is a major public university in the French Community of Belgium. As of 2016, ULi\u00e8ge is ranked in the #251\u2013300 category worldwide according to Times Higher Education, 265nd by QS World University Rankings, and between the 205th and 300th place by the Academic Ranking of World Universities. More than 2000 people, academics, scientists and technicians, are involved in research of a wide variety of subjects from basic research to applied research.<\/p>\n\n\n\n<p>University of Li\u00e8ge is located in the heart of Europe and is based in Li\u00e8ge, Belgium. It has direct railway connections with, Antwerp, Namur and Charleroi, Luxembourg, Maastricht in the Netherlands, and Aachen in Germany.<\/p>\n\n\n\n<p>The university campus is located in the outskirts of the city. Easy access, regular public buses travel to and from the city centre in approximately 15 minutes. Close to the city centre yet in a peaceful environment, the campus provides ideal surroundings for academic achievement. Founded in 1817, the University of Li\u00e8ge is the only public Community-sponsored University in the French-speaking part of Belgium which offers a complete range of university modules at undergraduate and postgraduate levels.<\/p>\n\n\n\n<h2 class=\"wp-block-heading\">Ranking and Recognition<\/h2>\n\n\n\n<p>1). The only complete public university in the Belgian French-speaking community, the University of Li\u00e8ge prides itself on its pluralistic vision and on its pursuit of excellence in teaching, research, and innovation. It is a member of the Wallonia-Europe University Academy (together with Gembloux Agro Bio Tech)<\/p>\n\n\n\n<p>2). University of Li\u00e8ge is ranked 301 \u2013 350th globally in the Times Higher Education \u2013 QS World University Rankings 2017<br>Source:<br><a href=\"https:\/\/www.timeshighereducation.com\/world-university-rankings\/universite-de-liege#ranking-dataset\/589595\">https:\/\/www.timeshighereducation.com\/world-university-rankings\/universite-de-liege#ranking-dataset\/589595<\/a><\/p>\n\n\n\n<p>3). University of Li\u00e8ge is 2009 and 2010 European Credit Transfer and Accumulation System (ECTS) and Diploma Supplement (DS) Label Holders.<br>Source:<br><a href=\"https:\/\/eacea.ec.europa.eu\/llp\/support_measures_and_network\/ects_dsl_en.php\">https:\/\/eacea.ec.europa.eu\/llp\/support_measures_and_network\/ects_dsl_en.php<\/a><br><a href=\"https:\/\/eacea.ec.europa.eu\/llp\/results_projects\/ects_ds\/2013\/list_of_ects_renewal_successful_applications.pdf\">https:\/\/eacea.ec.europa.eu\/llp\/results_projects\/ects_ds\/2013\/list_of_ects_renewal_successful_applications.pdf<\/a><br><a href=\"https:\/\/eacea.ec.europa.eu\/llp\/results_projects\/ects_ds\/2013\/list_of_ds_renewal_successful_applications.pdf\">https:\/\/eacea.ec.europa.eu\/llp\/results_projects\/ects_ds\/2013\/list_of_ds_renewal_successful_applications.pdf<\/a><\/p>\n\n\n\n<p>4). HEC Li\u00e8ge is a member of the US-based Association to Advance Collegiate<br>Schools of Business (AACSB).<br>Source:<br><a href=\"https:\/\/www.aacsb.net\/eweb\/DynamicPage.aspx?Site=AACSB&amp;WebKey=788e1dc7-9b35-4446-82a1-c88cd07af17d\">https:\/\/www.aacsb.net\/eweb\/DynamicPage.aspx?Site=AACSB&amp;WebKey=788e1dc7-9b35-4446-82a1-c88cd07af17d<\/a><\/p>\n\n\n\n<p>5). HEC Li\u00e8ge is a member of European Foundation for Management Development (EFMD). Their Master in Management Science and Doctoral program are EPAS (EFMD Program Accreditation System) accredited.<\/p>\n\n\n\n<p>6) HEC Li\u00e8ge is firmly focused on its students, its alumni and its partners. The school\u2019s commitment to, and continuing investment in quality improvement has been recognized through the award EQUIS delivered by the International accreditation organism EFMD and AACSB, USA.<\/p>\n\n\n\n<figure class=\"wp-block-image size-large\"><img decoding=\"async\" width=\"251\" height=\"109\" src=\"https:\/\/pioneeredu.com.hk\/wp-content\/uploads\/2021\/02\/3.jpg\" alt=\"\" class=\"wp-image-272\" srcset=\"https:\/\/pioneeredu.com.hk\/wp-content\/uploads\/2021\/02\/3.jpg 251w, https:\/\/pioneeredu.com.hk\/wp-content\/uploads\/2021\/02\/3-16x7.jpg 16w\" sizes=\"(max-width: 251px) 100vw, 251px\" \/><\/figure>\n\n\n\n<figure class=\"wp-block-image size-large\"><img decoding=\"async\" width=\"153\" height=\"109\" src=\"https:\/\/pioneeredu.com.hk\/wp-content\/uploads\/2021\/02\/4.jpg\" alt=\"\" class=\"wp-image-273\" srcset=\"https:\/\/pioneeredu.com.hk\/wp-content\/uploads\/2021\/02\/4.jpg 153w, https:\/\/pioneeredu.com.hk\/wp-content\/uploads\/2021\/02\/4-16x12.jpg 16w\" sizes=\"(max-width: 153px) 100vw, 153px\" \/><\/figure>","protected":false},"excerpt":{"rendered":"<p>University Introduction The University of Li\u00e8ge (ULi\u00e8ge &#8230; <a title=\"\u6bd4\u5229\u6642\u70c8\u65e5\u5927\u5b78University of Li\u00e8ge\" class=\"read-more\" href=\"https:\/\/pioneeredu.com.hk\/en\/%e9%81%99%e8%b7%9d%e8%aa%b2%e7%a8%8b\/%e6%af%94%e5%88%a9%e6%99%82%e7%83%88%e6%97%a5%e5%a4%a7%e5%ad%b8\/\" aria-label=\"Read more about \u6bd4\u5229\u6642\u70c8\u65e5\u5927\u5b78University of Li\u00e8ge\">Read more<\/a><\/p>","protected":false},"author":2,"featured_media":0,"parent":119,"menu_order":0,"comment_status":"closed","ping_status":"closed","template":"","meta":{"footnotes":""},"class_list":["post-271","page","type-page","status-publish"],"yoast_head":"<!-- This site is optimized with the Yoast SEO plugin v27.3 - https:\/\/yoast.com\/product\/yoast-seo-wordpress\/ -->\n<title>\u6bd4\u5229\u6642\u70c8\u65e5\u5927\u5b78University of Li\u00e8ge - Pioneer Education Consultant Ltd.<\/title>\n<meta name=\"description\" content=\"University Introduction The University of Li\u00e8ge (ULi\u00e8ge), in Li\u00e8ge, Wallonia, Belgium, is a major public university in the French Community of Belgium. As\" \/>\n<meta name=\"robots\" content=\"index, follow, max-snippet:-1, max-image-preview:large, max-video-preview:-1\" \/>\n<link rel=\"canonical\" href=\"https:\/\/pioneeredu.com.hk\/en\/\u9059\u8ddd\u8ab2\u7a0b\/\u6bd4\u5229\u6642\u70c8\u65e5\u5927\u5b78\/\" \/>\n<meta property=\"og:locale\" content=\"en_US\" \/>\n<meta property=\"og:type\" content=\"article\" \/>\n<meta property=\"og:title\" content=\"\u6bd4\u5229\u6642\u70c8\u65e5\u5927\u5b78University of Li\u00e8ge - Pioneer Education Consultant Ltd.\" \/>\n<meta property=\"og:description\" content=\"University Introduction The University of Li\u00e8ge (ULi\u00e8ge), in Li\u00e8ge, Wallonia, Belgium, is a major public university in the French Community of Belgium. As\" \/>\n<meta property=\"og:url\" content=\"https:\/\/pioneeredu.com.hk\/en\/\u9059\u8ddd\u8ab2\u7a0b\/\u6bd4\u5229\u6642\u70c8\u65e5\u5927\u5b78\/\" \/>\n<meta property=\"og:site_name\" content=\"Pioneer Education Consultant Ltd.\" \/>\n<meta property=\"article:modified_time\" content=\"2021-02-26T14:20:41+00:00\" \/>\n<meta property=\"og:image\" content=\"https:\/\/pioneeredu.com.hk\/wp-content\/uploads\/2021\/02\/3.jpg\" \/>\n<meta name=\"twitter:card\" content=\"summary_large_image\" \/>\n<meta name=\"twitter:label1\" content=\"Est. reading time\" \/>\n\t<meta name=\"twitter:data1\" content=\"3 minutes\" \/>\n<!-- \/ Yoast SEO plugin. -->","yoast_head_json":{"title":"\u6bd4\u5229\u6642\u70c8\u65e5\u5927\u5b78University of Li\u00e8ge - Pioneer Education Consultant Ltd.","description":"University Introduction The University of Li\u00e8ge (ULi\u00e8ge), in Li\u00e8ge, Wallonia, Belgium, is a major public university in the French Community of Belgium. As","robots":{"index":"index","follow":"follow","max-snippet":"max-snippet:-1","max-image-preview":"max-image-preview:large","max-video-preview":"max-video-preview:-1"},"canonical":"https:\/\/pioneeredu.com.hk\/en\/\u9059\u8ddd\u8ab2\u7a0b\/\u6bd4\u5229\u6642\u70c8\u65e5\u5927\u5b78\/","og_locale":"en_US","og_type":"article","og_title":"\u6bd4\u5229\u6642\u70c8\u65e5\u5927\u5b78University of Li\u00e8ge - Pioneer Education Consultant Ltd.","og_description":"University Introduction The University of Li\u00e8ge (ULi\u00e8ge), in Li\u00e8ge, Wallonia, Belgium, is a major public university in the French Community of Belgium. As","og_url":"https:\/\/pioneeredu.com.hk\/en\/\u9059\u8ddd\u8ab2\u7a0b\/\u6bd4\u5229\u6642\u70c8\u65e5\u5927\u5b78\/","og_site_name":"Pioneer Education Consultant Ltd.","article_modified_time":"2021-02-26T14:20:41+00:00","og_image":[{"url":"https:\/\/pioneeredu.com.hk\/wp-content\/uploads\/2021\/02\/3.jpg","type":"","width":"","height":""}],"twitter_card":"summary_large_image","twitter_misc":{"Est. reading time":"3 minutes"},"schema":{"@context":"https:\/\/schema.org","@graph":[{"@type":"WebPage","@id":"https:\/\/pioneeredu.com.hk\/%e9%81%99%e8%b7%9d%e8%aa%b2%e7%a8%8b\/%e6%af%94%e5%88%a9%e6%99%82%e7%83%88%e6%97%a5%e5%a4%a7%e5%ad%b8\/","url":"https:\/\/pioneeredu.com.hk\/%e9%81%99%e8%b7%9d%e8%aa%b2%e7%a8%8b\/%e6%af%94%e5%88%a9%e6%99%82%e7%83%88%e6%97%a5%e5%a4%a7%e5%ad%b8\/","name":"\u6bd4\u5229\u6642\u70c8\u65e5\u5927\u5b78University of Li\u00e8ge - Pioneer Education Consultant Ltd.","isPartOf":{"@id":"https:\/\/pioneeredu.com.hk\/#website"},"primaryImageOfPage":{"@id":"https:\/\/pioneeredu.com.hk\/%e9%81%99%e8%b7%9d%e8%aa%b2%e7%a8%8b\/%e6%af%94%e5%88%a9%e6%99%82%e7%83%88%e6%97%a5%e5%a4%a7%e5%ad%b8\/#primaryimage"},"image":{"@id":"https:\/\/pioneeredu.com.hk\/%e9%81%99%e8%b7%9d%e8%aa%b2%e7%a8%8b\/%e6%af%94%e5%88%a9%e6%99%82%e7%83%88%e6%97%a5%e5%a4%a7%e5%ad%b8\/#primaryimage"},"thumbnailUrl":"https:\/\/pioneeredu.com.hk\/wp-content\/uploads\/2021\/02\/3.jpg","datePublished":"2021-02-02T23:56:19+00:00","dateModified":"2021-02-26T14:20:41+00:00","description":"University Introduction The University of Li\u00e8ge (ULi\u00e8ge), in Li\u00e8ge, Wallonia, Belgium, is a major public university in the French Community of Belgium. As","breadcrumb":{"@id":"https:\/\/pioneeredu.com.hk\/%e9%81%99%e8%b7%9d%e8%aa%b2%e7%a8%8b\/%e6%af%94%e5%88%a9%e6%99%82%e7%83%88%e6%97%a5%e5%a4%a7%e5%ad%b8\/#breadcrumb"},"inLanguage":"en-US","potentialAction":[{"@type":"ReadAction","target":["https:\/\/pioneeredu.com.hk\/%e9%81%99%e8%b7%9d%e8%aa%b2%e7%a8%8b\/%e6%af%94%e5%88%a9%e6%99%82%e7%83%88%e6%97%a5%e5%a4%a7%e5%ad%b8\/"]}]},{"@type":"ImageObject","inLanguage":"en-US","@id":"https:\/\/pioneeredu.com.hk\/%e9%81%99%e8%b7%9d%e8%aa%b2%e7%a8%8b\/%e6%af%94%e5%88%a9%e6%99%82%e7%83%88%e6%97%a5%e5%a4%a7%e5%ad%b8\/#primaryimage","url":"https:\/\/pioneeredu.com.hk\/wp-content\/uploads\/2021\/02\/3.jpg","contentUrl":"https:\/\/pioneeredu.com.hk\/wp-content\/uploads\/2021\/02\/3.jpg"},{"@type":"BreadcrumbList","@id":"https:\/\/pioneeredu.com.hk\/%e9%81%99%e8%b7%9d%e8%aa%b2%e7%a8%8b\/%e6%af%94%e5%88%a9%e6%99%82%e7%83%88%e6%97%a5%e5%a4%a7%e5%ad%b8\/#breadcrumb","itemListElement":[{"@type":"ListItem","position":1,"name":"\u9996\u9801","item":"https:\/\/pioneeredu.com.hk\/"},{"@type":"ListItem","position":2,"name":"\u9059\u8ddd\u8ab2\u7a0b","item":"https:\/\/pioneeredu.com.hk\/%e9%81%99%e8%b7%9d%e8%aa%b2%e7%a8%8b\/"},{"@type":"ListItem","position":3,"name":"\u6bd4\u5229\u6642\u70c8\u65e5\u5927\u5b78University of Li\u00e8ge"}]},{"@type":"WebSite","@id":"https:\/\/pioneeredu.com.hk\/#website","url":"https:\/\/pioneeredu.com.hk\/","name":"Pioneer Education Consultant Ltd.","description":"","publisher":{"@id":"https:\/\/pioneeredu.com.hk\/#organization"},"potentialAction":[{"@type":"SearchAction","target":{"@type":"EntryPoint","urlTemplate":"https:\/\/pioneeredu.com.hk\/?s={search_term_string}"},"query-input":{"@type":"PropertyValueSpecification","valueRequired":true,"valueName":"search_term_string"}}],"inLanguage":"en-US"},{"@type":"Organization","@id":"https:\/\/pioneeredu.com.hk\/#organization","name":"Pioneer Education Consultant Ltd.","url":"https:\/\/pioneeredu.com.hk\/","logo":{"@type":"ImageObject","inLanguage":"en-US","@id":"https:\/\/pioneeredu.com.hk\/#\/schema\/logo\/image\/","url":"https:\/\/pioneeredu.com.hk\/wp-content\/uploads\/2021\/01\/cropped-cropped-Logo-design-08-2-2.jpg","contentUrl":"https:\/\/pioneeredu.com.hk\/wp-content\/uploads\/2021\/01\/cropped-cropped-Logo-design-08-2-2.jpg","width":2358,"height":829,"caption":"Pioneer Education Consultant Ltd."},"image":{"@id":"https:\/\/pioneeredu.com.hk\/#\/schema\/logo\/image\/"}}]}},"_links":{"self":[{"href":"https:\/\/pioneeredu.com.hk\/en\/wp-json\/wp\/v2\/pages\/271","targetHints":{"allow":["GET"]}}],"collection":[{"href":"https:\/\/pioneeredu.com.hk\/en\/wp-json\/wp\/v2\/pages"}],"about":[{"href":"https:\/\/pioneeredu.com.hk\/en\/wp-json\/wp\/v2\/types\/page"}],"author":[{"embeddable":true,"href":"https:\/\/pioneeredu.com.hk\/en\/wp-json\/wp\/v2\/users\/2"}],"replies":[{"embeddable":true,"href":"https:\/\/pioneeredu.com.hk\/en\/wp-json\/wp\/v2\/comments?post=271"}],"version-history":[{"count":0,"href":"https:\/\/pioneeredu.com.hk\/en\/wp-json\/wp\/v2\/pages\/271\/revisions"}],"up":[{"embeddable":true,"href":"https:\/\/pioneeredu.com.hk\/en\/wp-json\/wp\/v2\/pages\/119"}],"wp:attachment":[{"href":"https:\/\/pioneeredu.com.hk\/en\/wp-json\/wp\/v2\/media?parent=271"}],"curies":[{"name":"wp","href":"https:\/\/api.w.org\/{rel}","templated":true}]}}